{"id":90,"date":"2025-07-22T19:24:05","date_gmt":"2025-07-22T19:24:05","guid":{"rendered":"https:\/\/yenigunltd.com\/?page_id=90"},"modified":"2025-09-13T16:12:55","modified_gmt":"2025-09-13T16:12:55","slug":"hakkimizda","status":"publish","type":"page","link":"https:\/\/yenigunltd.com\/en\/hakkimizda\/","title":{"rendered":"About Us"},"content":{"rendered":"<style>.elementor-90 .elementor-element.elementor-element-4259e56{--display:flex;--flex-direction:row;--container-widget-width:initial;--container-widget-height:100%;--container-widget-flex-grow:1;--container-widget-align-self:stretch;--flex-wrap-mobile:wrap;--gap:0px 0px;--row-gap:0px;--column-gap:0px;--margin-top:45px;--margin-bottom:0px;--margin-left:0px;--margin-right:0px;}.elementor-90 .elementor-element.elementor-element-b64724e{--display:flex;--flex-direction:column;--container-widget-width:100%;--container-widget-height:initial;--container-widget-flex-grow:0;--container-widget-align-self:initial;--flex-wrap-mobile:wrap;--justify-content:center;}.elementor-90 .elementor-element.elementor-element-524f614{--display:flex;--flex-direction:column;--container-widget-width:100%;--container-widget-height:initial;--container-widget-flex-grow:0;--container-widget-align-self:initial;--flex-wrap-mobile:wrap;}.elementor-90 .elementor-element.elementor-element-f9b208c{text-align:justify;font-family:\"Poppins\", Sans-serif;}@media(min-width:768px){.elementor-90 .elementor-element.elementor-element-b64724e{--width:76%;}.elementor-90 .elementor-element.elementor-element-524f614{--width:100%;}}<\/style>\t\t<div data-elementor-type=\"wp-page\" data-elementor-id=\"90\" class=\"elementor elementor-90\" data-elementor-post-type=\"page\">\n\t\t\t\t<div class=\"elementor-element elementor-element-4259e56 e-flex e-con-boxed e-con e-parent\" data-id=\"4259e56\" data-element_type=\"container\">\n\t\t\t\t\t<div class=\"e-con-inner\">\n\t\t<div class=\"elementor-element elementor-element-b64724e e-con-full e-flex e-con e-child\" data-id=\"b64724e\" data-element_type=\"container\">\n\t\t\t\t<div class=\"elementor-element elementor-element-9cd8fca elementor-widget elementor-widget-image\" data-id=\"9cd8fca\" data-element_type=\"widget\" data-widget_type=\"image.default\">\n\t\t\t\t\t\t\t\t\t\t\t\t\t\t\t<img fetchpriority=\"high\" decoding=\"async\" width=\"800\" height=\"749\" src=\"https:\/\/yenigunltd.com\/wp-content\/uploads\/2025\/09\/dolby-1024x959-1.jpg\" class=\"attachment-large size-large wp-image-884\" alt=\"\" srcset=\"https:\/\/yenigunltd.com\/wp-content\/uploads\/2025\/09\/dolby-1024x959-1.jpg 1024w, https:\/\/yenigunltd.com\/wp-content\/uploads\/2025\/09\/dolby-1024x959-1-300x281.jpg 300w, https:\/\/yenigunltd.com\/wp-content\/uploads\/2025\/09\/dolby-1024x959-1-768x719.jpg 768w, https:\/\/yenigunltd.com\/wp-content\/uploads\/2025\/09\/dolby-1024x959-1-13x12.jpg 13w\" sizes=\"(max-width: 800px) 100vw, 800px\" \/>\t\t\t\t\t\t\t\t\t\t\t\t\t\t\t<\/div>\n\t\t\t\t<\/div>\n\t\t<div class=\"elementor-element elementor-element-524f614 e-con-full e-flex e-con e-child\" data-id=\"524f614\" data-element_type=\"container\">\n\t\t\t\t<div class=\"elementor-element elementor-element-f9b208c elementor-widget elementor-widget-text-editor\" data-id=\"f9b208c\" data-element_type=\"widget\" data-widget_type=\"text-editor.default\">\n\t\t\t\t\t\t\t\t\t<p>G\u00fcn Ticaret began its business journey in 1983 with the trade of paint, chipboard, and glue. In 2004, we took our first step into the world of babies. With the establishment of our production facility in Adana, we proudly produced our first domestically made baby diaper under the Yenig\u00fcn brand. Since then, we have grown into a respected and trusted name both in Turkey and around the world.<\/p><p>At Yenig\u00fcn, we are not only committed to producing high-quality baby diapers, but also to upholding our responsibilities toward the environment, society, and our employees. With a strong focus on technology and quality, we continue to move forward as a pioneering Turkish company in the baby diaper industry.<\/p><p>\u015eirketimizin temel ilkesi; \u00e7al\u0131\u015fanlar\u0131m\u0131z\u0131n kat\u0131l\u0131m\u0131yla, s\u00fcrekli e\u011fitim ve etkili ileti\u015fim sayesinde, m\u00fc\u015fterilerimizin ihtiya\u00e7 ve beklentilerini en iyi \u015fekilde kar\u015f\u0131lamak. \u00c7\u00fcnk\u00fc biz biliyoruz ki kaliteli bir \u00fcr\u00fcn, arkas\u0131nda bilin\u00e7li ve \u00f6zverili bir ekip oldu\u011funda ortaya \u00e7\u0131kar.<\/p><p>Our core principle is to meet the needs and expectations of our customers through continuous training, effective communication, and the active involvement of our dedicated team. Because we believe that true quality is only possible when backed by a conscious and committed workforce.<\/p><p>Every stage of our production process is carried out by experienced professionals. Our aim is to provide families with safe, hygienic, and reliable products that offer peace of mind and contribute to every baby\u2019s comfort.<\/p><p>And as we grew with this vision, a brand-new companion was born for babies: Dolfy.<br \/>Dolfy is a modern baby diaper brand created from years of experience, thoughtfully designed for your baby\u2019s delicate skin. It\u2019s soft, breathable, and built with love in every layer, bringing comfort in every step.<\/p>\t\t\t\t\t\t\t\t<\/div>\n\t\t\t\t<\/div>\n\t\t\t\t\t<\/div>\n\t\t\t\t<\/div>\n\t\t\t\t<\/div>","protected":false},"excerpt":{"rendered":"<p>1983 y\u0131l\u0131nda boya, sunta ve tutkal al\u0131m sat\u0131m\u0131yla i\u015f hayat\u0131na ba\u015flayan G\u00fcn Ticaret, 2004 y\u0131l\u0131nda bebeklerin d\u00fcnyas\u0131na ad\u0131m att\u0131. Adana\u2019da kurulan \u00fcretim tesisimizle birlikte, Yenig\u00fcn markas\u0131 alt\u0131nda ilk yerli bebek bezimizi \u00fcrettik. O g\u00fcnden bu yana hem T\u00fcrkiye\u2019de hem de d\u00fcnya genelinde sayg\u0131nl\u0131k kazanm\u0131\u015f, g\u00fcvenilir bir marka olmay\u0131 ba\u015fard\u0131k. Yenig\u00fcn olarak yaln\u0131zca kaliteli bebek bezleri [&hellip;]<\/p>","protected":false},"author":1,"featured_media":0,"parent":0,"menu_order":0,"comment_status":"closed","ping_status":"closed","template":"elementor_header_footer","meta":{"footnotes":""},"class_list":["post-90","page","type-page","status-publish","hentry"],"_links":{"self":[{"href":"https:\/\/yenigunltd.com\/en\/wp-json\/wp\/v2\/pages\/90","targetHints":{"allow":["GET"]}}],"collection":[{"href":"https:\/\/yenigunltd.com\/en\/wp-json\/wp\/v2\/pages"}],"about":[{"href":"https:\/\/yenigunltd.com\/en\/wp-json\/wp\/v2\/types\/page"}],"author":[{"embeddable":true,"href":"https:\/\/yenigunltd.com\/en\/wp-json\/wp\/v2\/users\/1"}],"replies":[{"embeddable":true,"href":"https:\/\/yenigunltd.com\/en\/wp-json\/wp\/v2\/comments?post=90"}],"version-history":[{"count":40,"href":"https:\/\/yenigunltd.com\/en\/wp-json\/wp\/v2\/pages\/90\/revisions"}],"predecessor-version":[{"id":987,"href":"https:\/\/yenigunltd.com\/en\/wp-json\/wp\/v2\/pages\/90\/revisions\/987"}],"wp:attachment":[{"href":"https:\/\/yenigunltd.com\/en\/wp-json\/wp\/v2\/media?parent=90"}],"curies":[{"name":"wp","href":"https:\/\/api.w.org\/{rel}","templated":true}]}}