{"id":90,"date":"2025-07-22T19:24:05","date_gmt":"2025-07-22T19:24:05","guid":{"rendered":"https:\/\/yenigunltd.com\/?page_id=90"},"modified":"2025-09-13T16:12:55","modified_gmt":"2025-09-13T16:12:55","slug":"hakkimizda","status":"publish","type":"page","link":"https:\/\/yenigunltd.com\/ar\/hakkimizda\/","title":{"rendered":"Hakk\u0131m\u0131zda"},"content":{"rendered":"<style>.elementor-90 .elementor-element.elementor-element-4259e56{--display:flex;--flex-direction:row;--container-widget-width:initial;--container-widget-height:100%;--container-widget-flex-grow:1;--container-widget-align-self:stretch;--flex-wrap-mobile:wrap;--gap:0px 0px;--row-gap:0px;--column-gap:0px;--margin-top:45px;--margin-bottom:0px;--margin-left:0px;--margin-right:0px;}.elementor-90 .elementor-element.elementor-element-b64724e{--display:flex;--flex-direction:column;--container-widget-width:100%;--container-widget-height:initial;--container-widget-flex-grow:0;--container-widget-align-self:initial;--flex-wrap-mobile:wrap;--justify-content:center;}.elementor-90 .elementor-element.elementor-element-524f614{--display:flex;--flex-direction:column;--container-widget-width:100%;--container-widget-height:initial;--container-widget-flex-grow:0;--container-widget-align-self:initial;--flex-wrap-mobile:wrap;}.elementor-90 .elementor-element.elementor-element-f9b208c{text-align:justify;font-family:\"Poppins\", Sans-serif;}@media(min-width:768px){.elementor-90 .elementor-element.elementor-element-b64724e{--width:76%;}.elementor-90 .elementor-element.elementor-element-524f614{--width:100%;}}<\/style>\t\t<div data-elementor-type=\"wp-page\" data-elementor-id=\"90\" class=\"elementor elementor-90\" data-elementor-post-type=\"page\">\n\t\t\t\t<div class=\"elementor-element elementor-element-4259e56 e-flex e-con-boxed e-con e-parent\" data-id=\"4259e56\" data-element_type=\"container\">\n\t\t\t\t\t<div class=\"e-con-inner\">\n\t\t<div class=\"elementor-element elementor-element-b64724e e-con-full e-flex e-con e-child\" data-id=\"b64724e\" data-element_type=\"container\">\n\t\t\t\t<div class=\"elementor-element elementor-element-9cd8fca elementor-widget elementor-widget-image\" data-id=\"9cd8fca\" data-element_type=\"widget\" data-widget_type=\"image.default\">\n\t\t\t\t\t\t\t\t\t\t\t\t\t\t\t<img fetchpriority=\"high\" decoding=\"async\" width=\"800\" height=\"749\" src=\"https:\/\/yenigunltd.com\/wp-content\/uploads\/2025\/09\/dolby-1024x959-1.jpg\" class=\"attachment-large size-large wp-image-884\" alt=\"\" srcset=\"https:\/\/yenigunltd.com\/wp-content\/uploads\/2025\/09\/dolby-1024x959-1.jpg 1024w, https:\/\/yenigunltd.com\/wp-content\/uploads\/2025\/09\/dolby-1024x959-1-300x281.jpg 300w, https:\/\/yenigunltd.com\/wp-content\/uploads\/2025\/09\/dolby-1024x959-1-768x719.jpg 768w, https:\/\/yenigunltd.com\/wp-content\/uploads\/2025\/09\/dolby-1024x959-1-13x12.jpg 13w\" sizes=\"(max-width: 800px) 100vw, 800px\" \/>\t\t\t\t\t\t\t\t\t\t\t\t\t\t\t<\/div>\n\t\t\t\t<\/div>\n\t\t<div class=\"elementor-element elementor-element-524f614 e-con-full e-flex e-con e-child\" data-id=\"524f614\" data-element_type=\"container\">\n\t\t\t\t<div class=\"elementor-element elementor-element-f9b208c elementor-widget elementor-widget-text-editor\" data-id=\"f9b208c\" data-element_type=\"widget\" data-widget_type=\"text-editor.default\">\n\t\t\t\t\t\t\t\t\t<p>1983 y\u0131l\u0131nda boya, sunta ve tutkal al\u0131m sat\u0131m\u0131yla i\u015f hayat\u0131na ba\u015flayan G\u00fcn Ticaret, 2004 y\u0131l\u0131nda bebeklerin d\u00fcnyas\u0131na ad\u0131m att\u0131. Adana\u2019da kurulan \u00fcretim tesisimizle birlikte, Yenig\u00fcn markas\u0131 alt\u0131nda ilk yerli bebek bezimizi \u00fcrettik. O g\u00fcnden bu yana hem T\u00fcrkiye\u2019de hem de d\u00fcnya genelinde sayg\u0131nl\u0131k kazanm\u0131\u015f, g\u00fcvenilir bir marka olmay\u0131 ba\u015fard\u0131k.<\/p><p>Yenig\u00fcn olarak yaln\u0131zca kaliteli bebek bezleri \u00fcretmekle kalmad\u0131k; \u00e7evreye, topluma ve \u00e7al\u0131\u015fanlar\u0131m\u0131za kar\u015f\u0131 olan sorumluluklar\u0131m\u0131z\u0131 da her zaman \u00f6n planda tuttuk. Teknoloji ve kaliteyi merkezimize alarak, \u00e7ocuk bezi sekt\u00f6r\u00fcnde \u00f6nc\u00fc bir T\u00fcrk firmas\u0131 olma yolunda istikrarl\u0131 ad\u0131mlarla ilerlemeye devam ediyoruz.<\/p><p>\u015eirketimizin temel ilkesi; \u00e7al\u0131\u015fanlar\u0131m\u0131z\u0131n kat\u0131l\u0131m\u0131yla, s\u00fcrekli e\u011fitim ve etkili ileti\u015fim sayesinde, m\u00fc\u015fterilerimizin ihtiya\u00e7 ve beklentilerini en iyi \u015fekilde kar\u015f\u0131lamak. \u00c7\u00fcnk\u00fc biz biliyoruz ki kaliteli bir \u00fcr\u00fcn, arkas\u0131nda bilin\u00e7li ve \u00f6zverili bir ekip oldu\u011funda ortaya \u00e7\u0131kar.<\/p><p>Ayn\u0131 zamanda ya\u015fad\u0131\u011f\u0131m\u0131z d\u00fcnyaya kar\u015f\u0131 da sorumluyuz. Do\u011fal kaynaklar\u0131 korumak, at\u0131klar\u0131 en aza indirmek ve geri d\u00f6n\u00fc\u015f\u00fcm bilinciyle \u00fcretim yapmak, yaln\u0131zca birer hedef de\u011fil, t\u00fcm ekibimizin g\u00fcnl\u00fck \u00e7al\u0131\u015fma anlay\u0131\u015f\u0131n\u0131n bir par\u00e7as\u0131d\u0131r.<\/p><p>\u00dcretimin her a\u015famas\u0131nda i\u015finin uzman\u0131 profesyoneller g\u00f6rev al\u0131r. Amac\u0131m\u0131z; sa\u011fl\u0131kl\u0131, hijyenik ve g\u00fcvenilir \u00fcr\u00fcnlerle ailelerin i\u00e7ini rahat ettirmek, bebeklerin konforuna katk\u0131 sa\u011flamakt\u0131r.<\/p><p>Ve bu anlay\u0131\u015fla b\u00fcy\u00fcrken, bebeklere \u00f6zel yepyeni bir dost daha do\u011fdu : Dolfy!<br \/>Dolfy, y\u0131llar\u0131n birikimiyle olu\u015fturulmu\u015f, bebe\u011finizin hassas cildine \u00f6zenle yakla\u015fan, modern, yumu\u015fac\u0131k ve nefes alabilen bir bebek bezi markas\u0131d\u0131r. Her ad\u0131m\u0131nda konfor, her kat\u0131nda sevgi bar\u0131nd\u0131r\u0131r.<\/p>\t\t\t\t\t\t\t\t<\/div>\n\t\t\t\t<\/div>\n\t\t\t\t\t<\/div>\n\t\t\t\t<\/div>\n\t\t\t\t<\/div>","protected":false},"excerpt":{"rendered":"<p>1983 y\u0131l\u0131nda boya, sunta ve tutkal al\u0131m sat\u0131m\u0131yla i\u015f hayat\u0131na ba\u015flayan G\u00fcn Ticaret, 2004 y\u0131l\u0131nda bebeklerin d\u00fcnyas\u0131na ad\u0131m att\u0131. Adana\u2019da kurulan \u00fcretim tesisimizle birlikte, Yenig\u00fcn markas\u0131 alt\u0131nda ilk yerli bebek bezimizi \u00fcrettik. O g\u00fcnden bu yana hem T\u00fcrkiye\u2019de hem de d\u00fcnya genelinde sayg\u0131nl\u0131k kazanm\u0131\u015f, g\u00fcvenilir bir marka olmay\u0131 ba\u015fard\u0131k. Yenig\u00fcn olarak yaln\u0131zca kaliteli bebek bezleri [&hellip;]<\/p>","protected":false},"author":1,"featured_media":0,"parent":0,"menu_order":0,"comment_status":"closed","ping_status":"closed","template":"elementor_header_footer","meta":{"footnotes":""},"class_list":["post-90","page","type-page","status-publish","hentry"],"_links":{"self":[{"href":"https:\/\/yenigunltd.com\/ar\/wp-json\/wp\/v2\/pages\/90","targetHints":{"allow":["GET"]}}],"collection":[{"href":"https:\/\/yenigunltd.com\/ar\/wp-json\/wp\/v2\/pages"}],"about":[{"href":"https:\/\/yenigunltd.com\/ar\/wp-json\/wp\/v2\/types\/page"}],"author":[{"embeddable":true,"href":"https:\/\/yenigunltd.com\/ar\/wp-json\/wp\/v2\/users\/1"}],"replies":[{"embeddable":true,"href":"https:\/\/yenigunltd.com\/ar\/wp-json\/wp\/v2\/comments?post=90"}],"version-history":[{"count":40,"href":"https:\/\/yenigunltd.com\/ar\/wp-json\/wp\/v2\/pages\/90\/revisions"}],"predecessor-version":[{"id":987,"href":"https:\/\/yenigunltd.com\/ar\/wp-json\/wp\/v2\/pages\/90\/revisions\/987"}],"wp:attachment":[{"href":"https:\/\/yenigunltd.com\/ar\/wp-json\/wp\/v2\/media?parent=90"}],"curies":[{"name":"wp","href":"https:\/\/api.w.org\/{rel}","templated":true}]}}