{"id":862,"date":"2025-09-10T14:40:04","date_gmt":"2025-09-10T14:40:04","guid":{"rendered":"https:\/\/yenigunltd.com\/?page_id=862"},"modified":"2025-09-10T14:41:03","modified_gmt":"2025-09-10T14:41:03","slug":"blog","status":"publish","type":"page","link":"https:\/\/yenigunltd.com\/ar\/blog\/","title":{"rendered":"Blog"},"content":{"rendered":"<style>.elementor-862 .elementor-element.elementor-element-47c23ba{--display:flex;}.elementor-862 .elementor-element.elementor-element-bd8f87b{--grid-row-gap:35px;--grid-column-gap:30px;}.elementor-862 .elementor-element.elementor-element-bd8f87b > .elementor-widget-container{margin:50px 0px 0px 0px;}.elementor-862 .elementor-element.elementor-element-bd8f87b .elementor-posts-container .elementor-post__thumbnail{padding-bottom:calc( 0.66 * 100% );}.elementor-862 .elementor-element.elementor-element-bd8f87b:after{content:\"0.66\";}.elementor-862 .elementor-element.elementor-element-bd8f87b .elementor-post__thumbnail__link{width:100%;}.elementor-862 .elementor-element.elementor-element-bd8f87b .elementor-post__meta-data span + span:before{content:\"\/\/\/\";}.elementor-862 .elementor-element.elementor-element-bd8f87b.elementor-posts--thumbnail-left .elementor-post__thumbnail__link{margin-right:20px;}.elementor-862 .elementor-element.elementor-element-bd8f87b.elementor-posts--thumbnail-right .elementor-post__thumbnail__link{margin-left:20px;}.elementor-862 .elementor-element.elementor-element-bd8f87b.elementor-posts--thumbnail-top .elementor-post__thumbnail__link{margin-bottom:20px;}@media(max-width:767px){.elementor-862 .elementor-element.elementor-element-bd8f87b .elementor-posts-container .elementor-post__thumbnail{padding-bottom:calc( 0.5 * 100% );}.elementor-862 .elementor-element.elementor-element-bd8f87b:after{content:\"0.5\";}.elementor-862 .elementor-element.elementor-element-bd8f87b .elementor-post__thumbnail__link{width:100%;}}<\/style>\t\t<div data-elementor-type=\"wp-page\" data-elementor-id=\"862\" class=\"elementor elementor-862\" data-elementor-post-type=\"page\">\n\t\t\t\t<div class=\"elementor-element elementor-element-47c23ba e-flex e-con-boxed e-con e-parent\" data-id=\"47c23ba\" data-element_type=\"container\">\n\t\t\t\t\t<div class=\"e-con-inner\">\n\t\t\t\t<div class=\"elementor-element elementor-element-bd8f87b elementor-grid-3 elementor-grid-tablet-2 elementor-grid-mobile-1 elementor-posts--thumbnail-top elementor-widget elementor-widget-posts\" data-id=\"bd8f87b\" data-element_type=\"widget\" data-settings=\"{&quot;classic_columns&quot;:&quot;3&quot;,&quot;classic_columns_tablet&quot;:&quot;2&quot;,&quot;classic_columns_mobile&quot;:&quot;1&quot;,&quot;classic_row_gap&quot;:{&quot;unit&quot;:&quot;px&quot;,&quot;size&quot;:35,&quot;sizes&quot;:[]},&quot;classic_row_gap_laptop&quot;:{&quot;unit&quot;:&quot;px&quot;,&quot;size&quot;:&quot;&quot;,&quot;sizes&quot;:[]},&quot;classic_row_gap_tablet&quot;:{&quot;unit&quot;:&quot;px&quot;,&quot;size&quot;:&quot;&quot;,&quot;sizes&quot;:[]},&quot;classic_row_gap_mobile&quot;:{&quot;unit&quot;:&quot;px&quot;,&quot;size&quot;:&quot;&quot;,&quot;sizes&quot;:[]}}\" data-widget_type=\"posts.classic\">\n\t\t\t\t<div class=\"elementor-widget-container\">\n\t\t\t\t\t\t\t<div class=\"elementor-posts-container elementor-posts elementor-posts--skin-classic elementor-grid\" role=\"list\">\n\t\t\t\t<article class=\"elementor-post elementor-grid-item post-345 post type-post status-publish format-standard has-post-thumbnail hentry category-bebek-bakimi\" role=\"listitem\">\n\t\t\t\t<a class=\"elementor-post__thumbnail__link\" href=\"https:\/\/yenigunltd.com\/ar\/bebeginizin-sevgi-ihtiyaci-dokunusun-gucu-ve-saglikli-gelisim\/\" tabindex=\"-1\" >\n\t\t\t<div class=\"elementor-post__thumbnail\"><img fetchpriority=\"high\" decoding=\"async\" width=\"300\" height=\"200\" src=\"https:\/\/yenigunltd.com\/wp-content\/uploads\/2025\/07\/bebek3-300x200.png\" class=\"attachment-medium size-medium wp-image-346\" alt=\"\" srcset=\"https:\/\/yenigunltd.com\/wp-content\/uploads\/2025\/07\/bebek3-300x200.png 300w, https:\/\/yenigunltd.com\/wp-content\/uploads\/2025\/07\/bebek3-768x512.png 768w, https:\/\/yenigunltd.com\/wp-content\/uploads\/2025\/07\/bebek3.png 850w\" sizes=\"(max-width: 300px) 100vw, 300px\" \/><\/div>\n\t\t<\/a>\n\t\t\t\t<div class=\"elementor-post__text\">\n\t\t\t\t<h3 class=\"elementor-post__title\">\n\t\t\t<a href=\"https:\/\/yenigunltd.com\/ar\/bebeginizin-sevgi-ihtiyaci-dokunusun-gucu-ve-saglikli-gelisim\/\" >\n\t\t\t\tBebe\u011finizin Sevgi \u0130htiyac\u0131: Dokunu\u015fun G\u00fcc\u00fc ve Sa\u011fl\u0131kl\u0131 Geli\u015fim\t\t\t<\/a>\n\t\t<\/h3>\n\t\t\t\t<div class=\"elementor-post__meta-data\">\n\t\t\t\t\t<span class=\"elementor-post-date\">\n\t\t\t\u064a\u0648\u0644\u064a\u0648 29, 2025\t\t<\/span>\n\t\t\t\t<span class=\"elementor-post-avatar\">\n\t\t\t\u0644\u0627 \u062a\u0648\u062c\u062f \u062a\u0639\u0644\u064a\u0642\u0627\u062a\t\t<\/span>\n\t\t\t\t<\/div>\n\t\t\t\t<div class=\"elementor-post__excerpt\">\n\t\t\t<p>Bebe\u011finiz, hamilelik s\u00fcrecinin ard\u0131ndan d\u00fcnyaya g\u00f6zlerini a\u00e7t\u0131\u011f\u0131 andan itibaren sevgi, \u015fefkat ve fiziksel temasa \u00e7ok ihtiyac\u0131 duyar. Bu ihtiya\u00e7, yaln\u0131zca duygusal bir ba\u011f kurmakla kalmaz, ayn\u0131 zamanda onun bili\u015fsel, sosyal ve psikolojik geli\u015fimi i\u00e7in de kritik bir rol oynar. Neden Dokunma ve Sevgi Bu Kadar \u00d6nemli? Bebekler, hen\u00fcz konu\u015famad\u0131klar\u0131 d\u00f6nemde<\/p>\n\t\t<\/div>\n\t\t\n\t\t<a class=\"elementor-post__read-more\" href=\"https:\/\/yenigunltd.com\/ar\/bebeginizin-sevgi-ihtiyaci-dokunusun-gucu-ve-saglikli-gelisim\/\" aria-label=\"Read more about Bebe\u011finizin Sevgi \u0130htiyac\u0131: Dokunu\u015fun G\u00fcc\u00fc ve Sa\u011fl\u0131kl\u0131 Geli\u015fim\" tabindex=\"-1\" >\n\t\t\tDevam\u0131n\u0131 Oku \u00bb\t\t<\/a>\n\n\t\t\t\t<\/div>\n\t\t\t\t<\/article>\n\t\t\t\t<article class=\"elementor-post elementor-grid-item post-342 post type-post status-publish format-standard has-post-thumbnail hentry category-bebek-bakimi\" role=\"listitem\">\n\t\t\t\t<a class=\"elementor-post__thumbnail__link\" href=\"https:\/\/yenigunltd.com\/ar\/bebeklerin-rahat-hareket-etme-ihtiyaci-ozgurce-kesfetmenin-onemi\/\" tabindex=\"-1\" >\n\t\t\t<div class=\"elementor-post__thumbnail\"><img decoding=\"async\" width=\"300\" height=\"200\" src=\"https:\/\/yenigunltd.com\/wp-content\/uploads\/2025\/07\/bebek2-300x200.png\" class=\"attachment-medium size-medium wp-image-343\" alt=\"\" srcset=\"https:\/\/yenigunltd.com\/wp-content\/uploads\/2025\/07\/bebek2-300x200.png 300w, https:\/\/yenigunltd.com\/wp-content\/uploads\/2025\/07\/bebek2-768x512.png 768w, https:\/\/yenigunltd.com\/wp-content\/uploads\/2025\/07\/bebek2.png 850w\" sizes=\"(max-width: 300px) 100vw, 300px\" \/><\/div>\n\t\t<\/a>\n\t\t\t\t<div class=\"elementor-post__text\">\n\t\t\t\t<h3 class=\"elementor-post__title\">\n\t\t\t<a href=\"https:\/\/yenigunltd.com\/ar\/bebeklerin-rahat-hareket-etme-ihtiyaci-ozgurce-kesfetmenin-onemi\/\" >\n\t\t\t\tBebeklerin Rahat Hareket Etme \u0130htiyac\u0131: \u00d6zg\u00fcrce Ke\u015ffetmenin \u00d6nemi\t\t\t<\/a>\n\t\t<\/h3>\n\t\t\t\t<div class=\"elementor-post__meta-data\">\n\t\t\t\t\t<span class=\"elementor-post-date\">\n\t\t\t\u064a\u0648\u0644\u064a\u0648 29, 2025\t\t<\/span>\n\t\t\t\t<span class=\"elementor-post-avatar\">\n\t\t\t\u0644\u0627 \u062a\u0648\u062c\u062f \u062a\u0639\u0644\u064a\u0642\u0627\u062a\t\t<\/span>\n\t\t\t\t<\/div>\n\t\t\t\t<div class=\"elementor-post__excerpt\">\n\t\t\t<p>Bebe\u011finizin sa\u011fl\u0131kl\u0131 geli\u015fimi i\u00e7in en \u00f6nemli \u015feylerden birinin rahat hareket ve g\u00fcvenle edebilmesidir. Bebekler, d\u00fcnyay\u0131 ke\u015ffederken fiziksel \u00f6zg\u00fcrl\u00fc\u011fe ihtiya\u00e7 duyarlar. Hareket etmek, kaslar\u0131n\u0131n geli\u015fmesine, motor becerilerinin artmas\u0131na ve hatta \u00f6zg\u00fcvenlerinin olu\u015fmas\u0131na yard\u0131mc\u0131 olur. Bebe\u011finizin rahat hareket edebilmesi i\u00e7in de a\u015fa\u011f\u0131daki noktalara dikkat edebilirsiniz. Do\u011fru Bez Se\u00e7imi: Hareket \u00d6zg\u00fcrl\u00fc\u011f\u00fcn\u00fcn Anahtar\u0131 Bebek<\/p>\n\t\t<\/div>\n\t\t\n\t\t<a class=\"elementor-post__read-more\" href=\"https:\/\/yenigunltd.com\/ar\/bebeklerin-rahat-hareket-etme-ihtiyaci-ozgurce-kesfetmenin-onemi\/\" aria-label=\"Read more about Bebeklerin Rahat Hareket Etme \u0130htiyac\u0131: \u00d6zg\u00fcrce Ke\u015ffetmenin \u00d6nemi\" tabindex=\"-1\" >\n\t\t\tDevam\u0131n\u0131 Oku \u00bb\t\t<\/a>\n\n\t\t\t\t<\/div>\n\t\t\t\t<\/article>\n\t\t\t\t<article class=\"elementor-post elementor-grid-item post-336 post type-post status-publish format-standard has-post-thumbnail hentry category-bebek-bakimi\" role=\"listitem\">\n\t\t\t\t<a class=\"elementor-post__thumbnail__link\" href=\"https:\/\/yenigunltd.com\/ar\/bebeginiz-bakiminda-dogru-bebek-bezi-kullaniminin-onemi\/\" tabindex=\"-1\" >\n\t\t\t<div class=\"elementor-post__thumbnail\"><img decoding=\"async\" width=\"300\" height=\"200\" src=\"https:\/\/yenigunltd.com\/wp-content\/uploads\/2025\/07\/bebek-300x200.jpg\" class=\"attachment-medium size-medium wp-image-341\" alt=\"\" srcset=\"https:\/\/yenigunltd.com\/wp-content\/uploads\/2025\/07\/bebek-300x200.jpg 300w, https:\/\/yenigunltd.com\/wp-content\/uploads\/2025\/07\/bebek-768x512.jpg 768w, https:\/\/yenigunltd.com\/wp-content\/uploads\/2025\/07\/bebek.jpg 850w\" sizes=\"(max-width: 300px) 100vw, 300px\" \/><\/div>\n\t\t<\/a>\n\t\t\t\t<div class=\"elementor-post__text\">\n\t\t\t\t<h3 class=\"elementor-post__title\">\n\t\t\t<a href=\"https:\/\/yenigunltd.com\/ar\/bebeginiz-bakiminda-dogru-bebek-bezi-kullaniminin-onemi\/\" >\n\t\t\t\tBebe\u011finiz Bak\u0131m\u0131nda Do\u011fru Bebek Bezi Kullan\u0131m\u0131n\u0131n \u00d6nemi\t\t\t<\/a>\n\t\t<\/h3>\n\t\t\t\t<div class=\"elementor-post__meta-data\">\n\t\t\t\t\t<span class=\"elementor-post-date\">\n\t\t\t\u064a\u0648\u0644\u064a\u0648 29, 2025\t\t<\/span>\n\t\t\t\t<span class=\"elementor-post-avatar\">\n\t\t\t\u0644\u0627 \u062a\u0648\u062c\u062f \u062a\u0639\u0644\u064a\u0642\u0627\u062a\t\t<\/span>\n\t\t\t\t<\/div>\n\t\t\t\t<div class=\"elementor-post__excerpt\">\n\t\t\t<p>Bebe\u011finizin sa\u011fl\u0131\u011f\u0131 ve konforu i\u00e7in do\u011fru bak\u0131m \u00fcr\u00fcnleri se\u00e7imi \u00e7ok \u00f6nemlidir. Bebek bezi de bebe\u011finizin g\u00fcnl\u00fck rutinlerinde b\u00fcy\u00fck bir yer kaplar ve do\u011fru kullan\u0131m\u0131 hem bebe\u011finizin sa\u011fl\u0131\u011f\u0131n\u0131 g\u00fcvende tutar hem de huzurlu olmas\u0131n\u0131 sa\u011flar. Peki, do\u011fru bebek bezi se\u00e7imi ve kullan\u0131m\u0131 neden bu kadar \u00f6nemli? Bebe\u011finizin Cilt Sa\u011fl\u0131\u011f\u0131 Bebeklerin cildi<\/p>\n\t\t<\/div>\n\t\t\n\t\t<a class=\"elementor-post__read-more\" href=\"https:\/\/yenigunltd.com\/ar\/bebeginiz-bakiminda-dogru-bebek-bezi-kullaniminin-onemi\/\" aria-label=\"Read more about Bebe\u011finiz Bak\u0131m\u0131nda Do\u011fru Bebek Bezi Kullan\u0131m\u0131n\u0131n \u00d6nemi\" tabindex=\"-1\" >\n\t\t\tDevam\u0131n\u0131 Oku \u00bb\t\t<\/a>\n\n\t\t\t\t<\/div>\n\t\t\t\t<\/article>\n\t\t\t\t<\/div>\n\t\t\n\t\t\t\t\t\t<\/div>\n\t\t\t\t<\/div>\n\t\t\t\t\t<\/div>\n\t\t\t\t<\/div>\n\t\t\t\t<\/div>","protected":false},"excerpt":{"rendered":"","protected":false},"author":1,"featured_media":0,"parent":0,"menu_order":0,"comment_status":"closed","ping_status":"closed","template":"elementor_header_footer","meta":{"footnotes":""},"class_list":["post-862","page","type-page","status-publish","hentry"],"_links":{"self":[{"href":"https:\/\/yenigunltd.com\/ar\/wp-json\/wp\/v2\/pages\/862","targetHints":{"allow":["GET"]}}],"collection":[{"href":"https:\/\/yenigunltd.com\/ar\/wp-json\/wp\/v2\/pages"}],"about":[{"href":"https:\/\/yenigunltd.com\/ar\/wp-json\/wp\/v2\/types\/page"}],"author":[{"embeddable":true,"href":"https:\/\/yenigunltd.com\/ar\/wp-json\/wp\/v2\/users\/1"}],"replies":[{"embeddable":true,"href":"https:\/\/yenigunltd.com\/ar\/wp-json\/wp\/v2\/comments?post=862"}],"version-history":[{"count":7,"href":"https:\/\/yenigunltd.com\/ar\/wp-json\/wp\/v2\/pages\/862\/revisions"}],"predecessor-version":[{"id":869,"href":"https:\/\/yenigunltd.com\/ar\/wp-json\/wp\/v2\/pages\/862\/revisions\/869"}],"wp:attachment":[{"href":"https:\/\/yenigunltd.com\/ar\/wp-json\/wp\/v2\/media?parent=862"}],"curies":[{"name":"wp","href":"https:\/\/api.w.org\/{rel}","templated":true}]}}